{"id":297,"date":"2024-06-27T17:42:56","date_gmt":"2024-06-27T15:42:56","guid":{"rendered":"https:\/\/aerzte-netzwerk.de\/praxisbedarf\/?post_type=product&#038;p=297"},"modified":"2025-11-05T14:42:07","modified_gmt":"2025-11-05T13:42:07","slug":"k-protape-kinesiology-professional-tape-6er-pack","status":"publish","type":"product","link":"https:\/\/aerzte-netzwerk.de\/praxisbedarf\/produkt\/k-protape-kinesiology-professional-tape-6er-pack\/","title":{"rendered":"K-Pro Tape | klinisch gepr\u00fcfte Qualit\u00e4t | Latexfrei"},"content":{"rendered":"<p>Mindestbestellmenge: 6 St\u00fcck &#8211; Farben kombinierbar<\/p>\n<p>PZN 19481953: blau &#8211; sanfte Klebekraft f\u00fcr empflindliche Haut<br \/>\nPZN 19481976: rosa &#8211; sanfte Klebekraft f\u00fcr sensible Haut<br \/>\nPZN 19481947: schwarz &#8211; starke Klebekraft f\u00fcr fettige und schuppige Haut<\/p>\n<p>5cm x 5m<br \/>\nLatexfrei<br \/>\nerf\u00fcllt die neueste europ\u00e4ische MDR-Gesetzgebung f\u00fcr den medizinischen Bereich<\/p>\n<p>&nbsp;<\/p>\n<p><strong>Professioneller Einsatz des medical Tapes:<\/strong><\/p>\n<ul>\n<li>beim Sport zum Schutz von Muskeln und Gelenken<\/li>\n<li>bei Verletzungen von Muskeln und Gelenken<\/li>\n<li>bei degenerativen Erkrankungen des Bewegungsapparates<\/li>\n<\/ul>\n<p>&nbsp;<\/p>\n<p><strong>K-protape Latexfrei wird u.a. verwendet f\u00fcr:<\/strong><\/p>\n<ul>\n<li>Schmerzlinderung ohne Beschr\u00e4nkung des Bewegungsumfanges<\/li>\n<li>(Nach-) Behandlung von Verletzungen am Bewegungsapparat<\/li>\n<li>Beschleunigt die Genesung bei Sportverletzungen<\/li>\n<li>Stabilisiert Muskeln und B\u00e4nder<\/li>\n<li>Erh\u00f6ht die Bewegungsfreiheit<\/li>\n<\/ul>\n<p>&nbsp;<\/p>\n<p><strong>Die moderne Hochleistungsfaser:<\/strong><\/p>\n<ul>\n<li>Exzellente L\u00e4ngsdehnbarkeit<\/li>\n<li>Maximale Querstabilit\u00e4t<\/li>\n<li>Hohe Luftdurchl\u00e4ssigkeit<\/li>\n<li>Wasserresistent | Wasserfest<\/li>\n<li>Hervorragende Anpassung an K\u00f6rperkonturen<\/li>\n<li>Besondere Hautfreundlichkeit beim Anpassen und Abl\u00f6sen<\/li>\n<li>Klebezeit 4-7 Tage<\/li>\n<\/ul>\n<p>&nbsp;<\/p>\n<p><strong>Warnhinweis:<\/strong><\/p>\n<ul>\n<li>kein Einsatz in offenen Wunden<\/li>\n<li>kein Einsatz bei Kontaktallergie<\/li>\n<li>kein Einsatz bei Hautentz\u00fcndungen<\/li>\n<li>Bei Hautreizung das Tape sofort umsichtig entfernen<\/li>\n<\/ul>\n<p>&nbsp;<\/p>\n<p>&nbsp;<\/p>\n<p>Produktbilder k\u00f6nnen vom Artikel abweichen<\/p>\n<p>&nbsp;<\/p>\n","protected":false},"excerpt":{"rendered":"<p>Mindestbestellmenge: 6 St\u00fcck &#8211; Farben kombinierbar PZN 19481953: blau &#8211; sanfte Klebekraft f\u00fcr empflindliche Haut PZN 19481976: rosa &#8211; sanfte Klebekraft f\u00fcr sensible Haut PZN 19481947: schwarz &#8211; starke Klebekraft f\u00fcr fettige und schuppige Haut 5cm x 5m Latexfrei erf\u00fcllt die neueste europ\u00e4ische MDR-Gesetzgebung f\u00fcr den medizinischen Bereich &nbsp; Professioneller Einsatz des medical Tapes: beim [&hellip;]<\/p>\n","protected":false},"featured_media":306,"template":"","meta":{"ocean_post_layout":"","ocean_both_sidebars_style":"","ocean_both_sidebars_content_width":0,"ocean_both_sidebars_sidebars_width":0,"ocean_sidebar":"0","ocean_second_sidebar":"0","ocean_disable_margins":"enable","ocean_add_body_class":"","ocean_shortcode_before_top_bar":"","ocean_shortcode_after_top_bar":"","ocean_shortcode_before_header":"","ocean_shortcode_after_header":"","ocean_has_shortcode":"","ocean_shortcode_after_title":"","ocean_shortcode_before_footer_widgets":"","ocean_shortcode_after_footer_widgets":"","ocean_shortcode_before_footer_bottom":"","ocean_shortcode_after_footer_bottom":"","ocean_display_top_bar":"default","ocean_display_header":"default","ocean_header_style":"","ocean_center_header_left_menu":"0","ocean_custom_header_template":"0","ocean_custom_logo":0,"ocean_custom_retina_logo":0,"ocean_custom_logo_max_width":0,"ocean_custom_logo_tablet_max_width":0,"ocean_custom_logo_mobile_max_width":0,"ocean_custom_logo_max_height":0,"ocean_custom_logo_tablet_max_height":0,"ocean_custom_logo_mobile_max_height":0,"ocean_header_custom_menu":"0","ocean_menu_typo_font_family":"0","ocean_menu_typo_font_subset":"","ocean_menu_typo_font_size":0,"ocean_menu_typo_font_size_tablet":0,"ocean_menu_typo_font_size_mobile":0,"ocean_menu_typo_font_size_unit":"px","ocean_menu_typo_font_weight":"","ocean_menu_typo_font_weight_tablet":"","ocean_menu_typo_font_weight_mobile":"","ocean_menu_typo_transform":"","ocean_menu_typo_transform_tablet":"","ocean_menu_typo_transform_mobile":"","ocean_menu_typo_line_height":0,"ocean_menu_typo_line_height_tablet":0,"ocean_menu_typo_line_height_mobile":0,"ocean_menu_typo_line_height_unit":"","ocean_menu_typo_spacing":0,"ocean_menu_typo_spacing_tablet":0,"ocean_menu_typo_spacing_mobile":0,"ocean_menu_typo_spacing_unit":"","ocean_menu_link_color":"","ocean_menu_link_color_hover":"","ocean_menu_link_color_active":"","ocean_menu_link_background":"","ocean_menu_link_hover_background":"","ocean_menu_link_active_background":"","ocean_menu_social_links_bg":"","ocean_menu_social_hover_links_bg":"","ocean_menu_social_links_color":"","ocean_menu_social_hover_links_color":"","ocean_disable_title":"default","ocean_disable_heading":"default","ocean_post_title":"","ocean_post_subheading":"","ocean_post_title_style":"","ocean_post_title_background_color":"","ocean_post_title_background":0,"ocean_post_title_bg_image_position":"","ocean_post_title_bg_image_attachment":"","ocean_post_title_bg_image_repeat":"","ocean_post_title_bg_image_size":"","ocean_post_title_height":0,"ocean_post_title_bg_overlay":0.5,"ocean_post_title_bg_overlay_color":"","ocean_disable_breadcrumbs":"default","ocean_breadcrumbs_color":"","ocean_breadcrumbs_separator_color":"","ocean_breadcrumbs_links_color":"","ocean_breadcrumbs_links_hover_color":"","ocean_display_footer_widgets":"default","ocean_display_footer_bottom":"default","ocean_custom_footer_template":"0"},"product_brand":[],"product_cat":[157,156,155],"product_tag":[158,159,160],"class_list":{"0":"post-297","1":"product","2":"type-product","3":"status-publish","4":"has-post-thumbnail","6":"product_cat-kinesiologisches-tape-medizinisches-tape","7":"product_cat-medical-tape","8":"product_cat-medizinisches-tape","9":"product_tag-medizinische-tape-fuer-aerzte-und-therapeuten","10":"product_tag-medizinisches-tape-fuer-aerzte","11":"product_tag-medizinisches-tape-fuer-therapeuten","13":"entry","14":"has-media","16":"first","17":"instock","18":"taxable","19":"shipping-taxable","20":"purchasable","21":"product-type-variable","22":"has-product-nav","23":"col","24":"span_1_of_3","25":"owp-content-center","26":"owp-thumbs-layout-horizontal","27":"owp-btn-normal","28":"owp-tabs-layout-section","29":"has-no-thumbnails"},"_links":{"self":[{"href":"https:\/\/aerzte-netzwerk.de\/praxisbedarf\/wp-json\/wp\/v2\/product\/297","targetHints":{"allow":["GET"]}}],"collection":[{"href":"https:\/\/aerzte-netzwerk.de\/praxisbedarf\/wp-json\/wp\/v2\/product"}],"about":[{"href":"https:\/\/aerzte-netzwerk.de\/praxisbedarf\/wp-json\/wp\/v2\/types\/product"}],"wp:featuredmedia":[{"embeddable":true,"href":"https:\/\/aerzte-netzwerk.de\/praxisbedarf\/wp-json\/wp\/v2\/media\/306"}],"wp:attachment":[{"href":"https:\/\/aerzte-netzwerk.de\/praxisbedarf\/wp-json\/wp\/v2\/media?parent=297"}],"wp:term":[{"taxonomy":"product_brand","embeddable":true,"href":"https:\/\/aerzte-netzwerk.de\/praxisbedarf\/wp-json\/wp\/v2\/product_brand?post=297"},{"taxonomy":"product_cat","embeddable":true,"href":"https:\/\/aerzte-netzwerk.de\/praxisbedarf\/wp-json\/wp\/v2\/product_cat?post=297"},{"taxonomy":"product_tag","embeddable":true,"href":"https:\/\/aerzte-netzwerk.de\/praxisbedarf\/wp-json\/wp\/v2\/product_tag?post=297"}],"curies":[{"name":"wp","href":"https:\/\/api.w.org\/{rel}","templated":true}]}}